{"id":35,"date":"2025-01-16T14:03:25","date_gmt":"2025-01-16T14:03:25","guid":{"rendered":"https:\/\/kobayashi-violinmusic.com\/?page_id=35"},"modified":"2025-01-16T14:13:07","modified_gmt":"2025-01-16T14:13:07","slug":"about","status":"publish","type":"page","link":"https:\/\/kobayashi-violinmusic.com\/ja\/about\/","title":{"rendered":"\u306b\u3064\u3044\u3066"},"content":{"rendered":"\n<figure class=\"wp-block-image alignleft size-full\"><img loading=\"lazy\" decoding=\"async\" width=\"450\" height=\"359\" src=\"https:\/\/kobayashi-violinmusic.com\/wp-content\/uploads\/2025\/01\/photo_01.jpg\" alt=\"\" class=\"wp-image-39\" srcset=\"https:\/\/kobayashi-violinmusic.com\/wp-content\/uploads\/2025\/01\/photo_01.jpg 450w, https:\/\/kobayashi-violinmusic.com\/wp-content\/uploads\/2025\/01\/photo_01-300x239.jpg 300w\" sizes=\"auto, (max-width: 450px) 100vw, 450px\" \/><\/figure>\n\n\n\n<p>4\u6b73\u3088\u308a\u30f4\u30a1\u30a4\u30aa\u30ea\u30f3\u3092\u59cb\u3081\u308b\u3002\u677e\u672c\u306b\u3042\u308b\u300c\u624d\u80fd\u6559\u80b2\u7814\u7a76\u6240\u300d\u306b\u901a\u3044\u3001\u5927\u5b66\u5352\u696d\u307e\u3067\u9234\u6728\u93ae\u4e00\u535a\u58eb\u306b\u76f4\u63a5\u5e2b\u4e8b\u3057\u305f\u307b\u304b\u3001\u30a6\u30a3\u30ea\u30a2\u30e0\u30fb\u30d7\u30ea\u30e0\u30ed\u30fc\u30ba\u306a\u3069\u304b\u3089\u3082\u30ec\u30c3\u30b9\u30f3\u3092\u53d7\u3051\u305f\u3002<br>\u9ad8\u6821\u5352\u696d\u5f8c\u3001\u79d1\u5b66\u7684\u306a\u8208\u5473\u304b\u3089\u4fe1\u5dde\u5927\u5b66\u677e\u672c\u6821\u3067\u7269\u7406\u5b66\u3092\u5b66\u3076\u3002\u305d\u306e\u5f8c\u3001\u30d9\u30eb\u30ea\u30f3\u82b8\u8853\u5927\u5b66\u3067\u8c4a\u7530\u8015\u6cbb\u6559\u6388\u306e\u3082\u3068\u3067\u30f4\u30a1\u30a4\u30aa\u30ea\u30f3\u3092\u5c02\u653b\u3059\u308b\u508d\u3089\u3001\u30d5\u30e9\u30f3\u30b3\u30fb\u30b0\u30c3\u30ea\u3001\u30a4\u30c0\u30fb\u30d8\u30f3\u30c7\u30eb\u3001\u30cd\u30a4\u30b5\u30f3\u30fb\u30df\u30eb\u30b7\u30e5\u30bf\u30a4\u30f3\u3089\u306e\u30de\u30b9\u30bf\u30fc\u30af\u30e9\u30b9\u3092\u6570\u591a\u304f\u53d7\u8b1b\u3002\u305d\u306e\u9593\u3082\u3001\u30aa\u30fc\u30b1\u30b9\u30c8\u30e9\u3068\u306e\u30bd\u30ea\u30b9\u30c8\u3001\u30f4\u30a1\u30a4\u30aa\u30ea\u30f3\u30fb\u30ea\u30b5\u30a4\u30bf\u30eb\uff08\u30c7\u30e5\u30aa\u30fb\u30f4\u30a1\u30a4\u30aa\u30ea\u30f3\uff0f\u30d4\u30a2\u30ce\uff09\u3001\u7279\u306b\u30f4\u30a1\u30a4\u30aa\u30ea\u30f3\u3060\u3051\u306e\u30bd\u30ed\u30fb\u30ea\u30b5\u30a4\u30bf\u30eb\u306a\u3069\u3001\u56fd\u5185\u5916\u3067\u5b9a\u671f\u7684\u306b\u6f14\u594f\u6d3b\u52d5\u3092\u884c\u3063\u305f\u3002\u307e\u305f\u3001\u65b0\u9032\u6c17\u92ed\u306e\u82e5\u624b\u6f14\u594f\u5bb6\u306e\u305f\u3081\u306b\u300c\u5c0f\u6797\u97f3\u697d\u30a2\u30ab\u30c7\u30df\u30fc\u30fb\u30df\u30e5\u30f3\u30d8\u30f3\u300d\u3092\u8a2d\u7acb\u3057\u305f\u3002<\/p>\n\n\n\n<div style=\"height:100px\" aria-hidden=\"true\" class=\"wp-block-spacer\"><\/div>\n\n\n\n<p><\/p>\n\n\n\n<figure class=\"wp-block-image alignright size-full\"><img loading=\"lazy\" decoding=\"async\" width=\"450\" height=\"562\" src=\"https:\/\/kobayashi-violinmusic.com\/wp-content\/uploads\/2025\/01\/photo_02.jpg\" alt=\"\" class=\"wp-image-41\" srcset=\"https:\/\/kobayashi-violinmusic.com\/wp-content\/uploads\/2025\/01\/photo_02.jpg 450w, https:\/\/kobayashi-violinmusic.com\/wp-content\/uploads\/2025\/01\/photo_02-240x300.jpg 240w\" sizes=\"auto, (max-width: 450px) 100vw, 450px\" \/><\/figure>\n\n\n\n<p><strong>Waltraut Mayr-Kobayashi<\/strong> wurde in Berlin geboren. Sie studierte Violine, Viola und Dirigieren an der Hochschule der K\u00fcnste Berlin, an der Pianistenschule von Frau Prof. Dounias-Sindermann Klavier, an der Technischen Universit\u00e4t Berlin und an der Universit\u00e4t M\u00fcnchen Musikwissenschaft. Auf Grund eines Stipendiums der Karl-Klingler-Stiftung besuchte sie 1980\/81 und 1984 Japan, um die Suzuki-Methode an ihrem Ursprungsort direkt bei Prof. Dr. Shinichi Suzuki kennenzulernen und zu studieren und erhielt abschlie\u00dfend von Dr. Suzuki das Suzuki-Violinlehrer-Diplom(Level A). Zur\u00fcck in M\u00fcnchen gr\u00fcndete sie 1983 zusammen mit Marianne Klingler die Deutsche Suzuki Gesellschaft e.V.und war auch bis 1985 die 1. Leiterin des Deutschen Suzuki Instituts in Deutschland. Au\u00dferdem unterrichtete sie als Dozentin auf den verschiedensten nationalen und internationalen Musikworkshops.<br>Auf Grund der Auspr\u00e4gung eines eigenen Unterrichtskonzepts begr\u00fcndete sie zusammen mit ihrem Mann Toshihiko Kobayashi die &#8220;Kobayashi Musikakademie M\u00fcnchen&#8221;, die 1987 er\u00f6ffnet wurde. Diese dient der F\u00f6rderung und Ausbildung von Kindern und Jugendlichen besonders auf dem Gebiet der Instrumentalmusik in den F\u00e4chern Violine, Viola, Violoncello, Kontraba\u00df, Klavier, Kammermusik und Orchesterspiel, als auch in den F\u00e4chern Geh\u00f6rbildung und allgemeine Musiklehre.<br>Neben ihrer p\u00e4dagogischen T\u00e4tigkeit begleitete sie in all den Jahren ihren Mann auch als Klavierpartnerin auf vielen Konzertreisen im In- und Ausland.<\/p>\n","protected":false},"excerpt":{"rendered":"<p>4\u6b73\u3088\u308a\u30f4\u30a1\u30a4\u30aa\u30ea\u30f3\u3092\u59cb\u3081\u308b\u3002\u677e\u672c\u306b\u3042\u308b\u300c\u624d\u80fd\u6559\u80b2\u7814\u7a76\u6240\u300d\u306b\u901a\u3044\u3001\u5927\u5b66\u5352\u696d\u307e\u3067\u9234\u6728\u93ae\u4e00\u535a\u58eb\u306b\u76f4\u63a5\u5e2b\u4e8b\u3057\u305f\u307b\u304b\u3001\u30a6\u30a3\u30ea\u30a2\u30e0\u30fb\u30d7\u30ea\u30e0\u30ed\u30fc\u30ba\u306a\u3069\u304b\u3089\u3082\u30ec\u30c3\u30b9\u30f3\u3092\u53d7\u3051\u305f\u3002\u9ad8\u6821\u5352\u696d\u5f8c\u3001\u79d1\u5b66\u7684\u306a\u8208\u5473\u304b\u3089\u4fe1\u5dde\u5927\u5b66\u677e\u672c\u6821\u3067\u7269\u7406\u5b66\u3092\u5b66\u3076\u3002 [&hellip;]<\/p>\n","protected":false},"author":1,"featured_media":0,"parent":0,"menu_order":0,"comment_status":"closed","ping_status":"closed","template":"","meta":{"footnotes":""},"class_list":["post-35","page","type-page","status-publish","hentry"],"_links":{"self":[{"href":"https:\/\/kobayashi-violinmusic.com\/ja\/wp-json\/wp\/v2\/pages\/35","targetHints":{"allow":["GET"]}}],"collection":[{"href":"https:\/\/kobayashi-violinmusic.com\/ja\/wp-json\/wp\/v2\/pages"}],"about":[{"href":"https:\/\/kobayashi-violinmusic.com\/ja\/wp-json\/wp\/v2\/types\/page"}],"author":[{"embeddable":true,"href":"https:\/\/kobayashi-violinmusic.com\/ja\/wp-json\/wp\/v2\/users\/1"}],"replies":[{"embeddable":true,"href":"https:\/\/kobayashi-violinmusic.com\/ja\/wp-json\/wp\/v2\/comments?post=35"}],"version-history":[{"count":9,"href":"https:\/\/kobayashi-violinmusic.com\/ja\/wp-json\/wp\/v2\/pages\/35\/revisions"}],"predecessor-version":[{"id":56,"href":"https:\/\/kobayashi-violinmusic.com\/ja\/wp-json\/wp\/v2\/pages\/35\/revisions\/56"}],"wp:attachment":[{"href":"https:\/\/kobayashi-violinmusic.com\/ja\/wp-json\/wp\/v2\/media?parent=35"}],"curies":[{"name":"wp","href":"https:\/\/api.w.org\/{rel}","templated":true}]}}